{"id":2631,"date":"2015-01-24T15:52:22","date_gmt":"2015-01-24T14:52:22","guid":{"rendered":"https:\/\/udoschoebel.de\/home\/"},"modified":"2025-11-18T13:25:58","modified_gmt":"2025-11-18T12:25:58","slug":"home","status":"publish","type":"page","link":"https:\/\/udoschoebel.de\/en\/","title":{"rendered":"home"},"content":{"rendered":"<p><a href=\"https:\/\/udoschoebel.de\/en\/home\/minibeatclub\/\"><img decoding=\"async\" loading=\"lazy\" class=\"alignnone wp-image-67 size-full\" src=\"https:\/\/udoschoebel.de\/wp-content\/uploads\/01_mini-beat-club_menu.jpg\" alt=\"mini beat club\" width=\"97\" height=\"97\" srcset=\"https:\/\/udoschoebel.de\/wp-content\/uploads\/01_mini-beat-club_menu.jpg 97w, https:\/\/udoschoebel.de\/wp-content\/uploads\/01_mini-beat-club_menu-60x60.jpg 60w\" sizes=\"(max-width: 97px) 100vw, 97px\" \/><\/a><a href=\"https:\/\/udoschoebel.de\/en\/home\/info-udo-schoebel\/\"><img decoding=\"async\" loading=\"lazy\" class=\"alignnone wp-image-68 size-full\" src=\"https:\/\/udoschoebel.de\/wp-content\/uploads\/02_info-udo-schoebel_menu.jpg\" alt=\"Info Udo Schoebel\" width=\"97\" height=\"97\" srcset=\"https:\/\/udoschoebel.de\/wp-content\/uploads\/02_info-udo-schoebel_menu.jpg 97w, https:\/\/udoschoebel.de\/wp-content\/uploads\/02_info-udo-schoebel_menu-60x60.jpg 60w\" sizes=\"(max-width: 97px) 100vw, 97px\" \/><\/a><a href=\"https:\/\/udoschoebel.de\/en\/home\/kikaninchen\/\"><img decoding=\"async\" loading=\"lazy\" class=\"alignnone wp-image-69 size-full\" src=\"https:\/\/udoschoebel.de\/wp-content\/uploads\/03_KiKANiNCHEN_menu.jpg\" alt=\"KiKANiNCHEN\" width=\"97\" height=\"97\" srcset=\"https:\/\/udoschoebel.de\/wp-content\/uploads\/03_KiKANiNCHEN_menu.jpg 97w, https:\/\/udoschoebel.de\/wp-content\/uploads\/03_KiKANiNCHEN_menu-60x60.jpg 60w\" sizes=\"(max-width: 97px) 100vw, 97px\" \/><\/a><a href=\"https:\/\/udoschoebel.de\/en\/home\/wiege-des-guten-geschmacks\/\"><img decoding=\"async\" loading=\"lazy\" class=\"alignnone wp-image-70 size-full\" src=\"https:\/\/udoschoebel.de\/wp-content\/uploads\/04_die-wiege-des-guten-geschmacks_menu.jpg\" alt=\"Die Wiege des guten Geschmacks\" width=\"97\" height=\"97\" srcset=\"https:\/\/udoschoebel.de\/wp-content\/uploads\/04_die-wiege-des-guten-geschmacks_menu.jpg 97w, https:\/\/udoschoebel.de\/wp-content\/uploads\/04_die-wiege-des-guten-geschmacks_menu-60x60.jpg 60w\" sizes=\"(max-width: 97px) 100vw, 97px\" \/><\/a><a href=\"https:\/\/udoschoebel.de\/en\/home\/badesalz\/\"><img decoding=\"async\" loading=\"lazy\" class=\"alignnone wp-image-71 size-full\" src=\"https:\/\/udoschoebel.de\/wp-content\/uploads\/05_badesalz_menu.jpg\" alt=\"Badesalz\" width=\"97\" height=\"97\" srcset=\"https:\/\/udoschoebel.de\/wp-content\/uploads\/05_badesalz_menu.jpg 97w, https:\/\/udoschoebel.de\/wp-content\/uploads\/05_badesalz_menu-60x60.jpg 60w\" sizes=\"(max-width: 97px) 100vw, 97px\" \/><\/a><a href=\"https:\/\/udoschoebel.de\/en\/home\/radio-eins-radio-show\/\"><img decoding=\"async\" loading=\"lazy\" class=\"alignnone wp-image-72 size-full\" src=\"https:\/\/udoschoebel.de\/wp-content\/uploads\/06_radio-eins-radio-show_menu.jpg\" alt=\"radio eins RADIO SHOW\" width=\"97\" height=\"97\" srcset=\"https:\/\/udoschoebel.de\/wp-content\/uploads\/06_radio-eins-radio-show_menu.jpg 97w, https:\/\/udoschoebel.de\/wp-content\/uploads\/06_radio-eins-radio-show_menu-60x60.jpg 60w\" sizes=\"(max-width: 97px) 100vw, 97px\" \/><\/a><a href=\"https:\/\/udoschoebel.de\/en\/home\/koerperklaus\/\"><img decoding=\"async\" loading=\"lazy\" class=\"alignnone wp-image-165 size-full\" src=\"https:\/\/udoschoebel.de\/wp-content\/uploads\/Koerper-Klaus_menu.jpg\" alt=\"\" width=\"97\" height=\"97\" srcset=\"https:\/\/udoschoebel.de\/wp-content\/uploads\/Koerper-Klaus_menu.jpg 97w, https:\/\/udoschoebel.de\/wp-content\/uploads\/Koerper-Klaus_menu-60x60.jpg 60w\" sizes=\"(max-width: 97px) 100vw, 97px\" \/><\/a><a href=\"https:\/\/udoschoebel.de\/en\/home\/die-sendung-mit-der-maus\/\"><img decoding=\"async\" loading=\"lazy\" class=\"alignnone wp-image-73 size-full\" src=\"https:\/\/udoschoebel.de\/wp-content\/uploads\/07_die-sendung-mit-der-maus_menu.jpg\" alt=\"Die Sendung mit der Maus\" width=\"97\" height=\"97\" srcset=\"https:\/\/udoschoebel.de\/wp-content\/uploads\/07_die-sendung-mit-der-maus_menu.jpg 97w, https:\/\/udoschoebel.de\/wp-content\/uploads\/07_die-sendung-mit-der-maus_menu-60x60.jpg 60w\" sizes=\"(max-width: 97px) 100vw, 97px\" \/><\/a><a href=\"https:\/\/udoschoebel.de\/en\/home\/cleanin-woman\/\"><img decoding=\"async\" loading=\"lazy\" class=\"alignnone wp-image-74 size-full\" src=\"https:\/\/udoschoebel.de\/wp-content\/uploads\/08_cleaning-woman_menu.jpg\" alt=\"cleanin woman\" width=\"97\" height=\"97\" srcset=\"https:\/\/udoschoebel.de\/wp-content\/uploads\/08_cleaning-woman_menu.jpg 97w, https:\/\/udoschoebel.de\/wp-content\/uploads\/08_cleaning-woman_menu-60x60.jpg 60w\" sizes=\"(max-width: 97px) 100vw, 97px\" \/><\/a><a href=\"https:\/\/udoschoebel.de\/en\/home\/thomas-d\/\"><img decoding=\"async\" loading=\"lazy\" class=\"alignnone wp-image-75 size-full\" src=\"https:\/\/udoschoebel.de\/wp-content\/uploads\/09_thomas-d_menu.jpg\" alt=\"thomas d\" width=\"97\" height=\"97\" srcset=\"https:\/\/udoschoebel.de\/wp-content\/uploads\/09_thomas-d_menu.jpg 97w, https:\/\/udoschoebel.de\/wp-content\/uploads\/09_thomas-d_menu-60x60.jpg 60w\" sizes=\"(max-width: 97px) 100vw, 97px\" \/><\/a><a href=\"https:\/\/udoschoebel.de\/en\/home\/chez-belles\/\"><img decoding=\"async\" loading=\"lazy\" class=\"alignnone wp-image-76 size-full\" src=\"https:\/\/udoschoebel.de\/wp-content\/uploads\/10_chez-belles_menu.jpg\" alt=\"Chez Belles\" width=\"97\" height=\"97\" srcset=\"https:\/\/udoschoebel.de\/wp-content\/uploads\/10_chez-belles_menu.jpg 97w, https:\/\/udoschoebel.de\/wp-content\/uploads\/10_chez-belles_menu-60x60.jpg 60w\" sizes=\"(max-width: 97px) 100vw, 97px\" \/><\/a><a href=\"http:\/\/facebook.de\" target=\"_blank\" rel=\"noopener noreferrer\"><img decoding=\"async\" loading=\"lazy\" class=\"alignnone wp-image-77 size-full\" src=\"https:\/\/udoschoebel.de\/wp-content\/uploads\/11_facebook_menu.jpg\" alt=\"Facebook\" width=\"97\" height=\"97\" srcset=\"https:\/\/udoschoebel.de\/wp-content\/uploads\/11_facebook_menu.jpg 97w, https:\/\/udoschoebel.de\/wp-content\/uploads\/11_facebook_menu-60x60.jpg 60w\" sizes=\"(max-width: 97px) 100vw, 97px\" \/><\/a><a href=\"https:\/\/udoschoebel.de\/en\/home\/kurt-kroemer\/\"><img decoding=\"async\" loading=\"lazy\" class=\"alignnone wp-image-78 size-full\" src=\"https:\/\/udoschoebel.de\/wp-content\/uploads\/12_kurt-kroemer_menu.jpg\" alt=\"Kurt Kr\u00f6mer\" width=\"97\" height=\"97\" srcset=\"https:\/\/udoschoebel.de\/wp-content\/uploads\/12_kurt-kroemer_menu.jpg 97w, https:\/\/udoschoebel.de\/wp-content\/uploads\/12_kurt-kroemer_menu-60x60.jpg 60w\" sizes=\"(max-width: 97px) 100vw, 97px\" \/><\/a><a href=\"https:\/\/udoschoebel.de\/en\/home\/sex-angels\/\"><img decoding=\"async\" loading=\"lazy\" class=\"alignnone wp-image-79 size-full\" src=\"https:\/\/udoschoebel.de\/wp-content\/uploads\/13_sex-angel_menu.jpg\" alt=\"Sex Angels\" width=\"97\" height=\"97\" srcset=\"https:\/\/udoschoebel.de\/wp-content\/uploads\/13_sex-angel_menu.jpg 97w, https:\/\/udoschoebel.de\/wp-content\/uploads\/13_sex-angel_menu-60x60.jpg 60w\" sizes=\"(max-width: 97px) 100vw, 97px\" \/><\/a><a href=\"https:\/\/udoschoebel.de\/en\/home\/shy-guys\/\"><img decoding=\"async\" loading=\"lazy\" class=\"alignnone wp-image-238 size-full\" src=\"https:\/\/udoschoebel.de\/wp-content\/uploads\/16_shyguys_menu.jpg\" alt=\"Shy Guys\" width=\"97\" height=\"97\" srcset=\"https:\/\/udoschoebel.de\/wp-content\/uploads\/16_shyguys_menu.jpg 97w, https:\/\/udoschoebel.de\/wp-content\/uploads\/16_shyguys_menu-60x60.jpg 60w\" sizes=\"(max-width: 97px) 100vw, 97px\" \/><\/a><a href=\"https:\/\/udoschoebel.de\/en\/home\/karl-anton\/\"><img decoding=\"async\" loading=\"lazy\" class=\"alignnone wp-image-66 size-full\" src=\"https:\/\/udoschoebel.de\/wp-content\/uploads\/16_karl-anton_menu.jpg\" alt=\"Karl Anton\" width=\"97\" height=\"97\" srcset=\"https:\/\/udoschoebel.de\/wp-content\/uploads\/16_karl-anton_menu.jpg 97w, https:\/\/udoschoebel.de\/wp-content\/uploads\/16_karl-anton_menu-60x60.jpg 60w\" sizes=\"(max-width: 97px) 100vw, 97px\" \/><\/a><a href=\"https:\/\/udoschoebel.de\/en\/karlchen\/\"><img decoding=\"async\" loading=\"lazy\" class=\"alignnone wp-image-2634 size-full\" src=\"https:\/\/udoschoebel.de\/wp-content\/uploads\/KARLCHEN-97x97-2.png\" alt=\"\" width=\"97\" height=\"97\" srcset=\"https:\/\/udoschoebel.de\/wp-content\/uploads\/KARLCHEN-97x97-2.png 97w, https:\/\/udoschoebel.de\/wp-content\/uploads\/KARLCHEN-97x97-2-60x60.png 60w\" sizes=\"(max-width: 97px) 100vw, 97px\" \/><\/a><a href=\"https:\/\/udoschoebel.de\/en\/home\/racing-beats\/\"><img decoding=\"async\" loading=\"lazy\" class=\"alignnone wp-image-81 size-full\" src=\"https:\/\/udoschoebel.de\/wp-content\/uploads\/15_racing-on-white_menu.jpg\" alt=\"racing beats\" width=\"97\" height=\"97\" srcset=\"https:\/\/udoschoebel.de\/wp-content\/uploads\/15_racing-on-white_menu.jpg 97w, https:\/\/udoschoebel.de\/wp-content\/uploads\/15_racing-on-white_menu-60x60.jpg 60w\" sizes=\"(max-width: 97px) 100vw, 97px\" \/><\/a><a href=\"https:\/\/udoschoebel.de\/en\/home\/schurke\/\"><img decoding=\"async\" loading=\"lazy\" class=\"alignnone wp-image-208 size-full\" src=\"https:\/\/udoschoebel.de\/wp-content\/uploads\/schurke_menu.jpg\" alt=\"Schurke\" width=\"97\" height=\"97\" srcset=\"https:\/\/udoschoebel.de\/wp-content\/uploads\/schurke_menu.jpg 97w, https:\/\/udoschoebel.de\/wp-content\/uploads\/schurke_menu-60x60.jpg 60w\" sizes=\"(max-width: 97px) 100vw, 97px\" \/><\/a><a href=\"https:\/\/udoschoebel.de\/en\/home\/musik\/\"><img decoding=\"async\" loading=\"lazy\" class=\"alignnone wp-image-161 size-full\" src=\"https:\/\/udoschoebel.de\/wp-content\/uploads\/17_filmMUSIK_menu1.jpg\" alt=\"FILM MUSIC\" width=\"97\" height=\"97\" srcset=\"https:\/\/udoschoebel.de\/wp-content\/uploads\/17_filmMUSIK_menu1.jpg 97w, https:\/\/udoschoebel.de\/wp-content\/uploads\/17_filmMUSIK_menu1-60x60.jpg 60w\" sizes=\"(max-width: 97px) 100vw, 97px\" \/><\/a><a href=\"https:\/\/udoschoebel.de\/en\/home\/kontakt-impressum\/\"><img decoding=\"async\" loading=\"lazy\" class=\"alignnone wp-image-80 size-full\" src=\"https:\/\/udoschoebel.de\/wp-content\/uploads\/14_kontakt-impressum_menu.jpg\" alt=\"Contact \/ Imprint\" width=\"97\" height=\"97\" srcset=\"https:\/\/udoschoebel.de\/wp-content\/uploads\/14_kontakt-impressum_menu.jpg 97w, https:\/\/udoschoebel.de\/wp-content\/uploads\/14_kontakt-impressum_menu-60x60.jpg 60w\" sizes=\"(max-width: 97px) 100vw, 97px\" \/><\/a><\/p>\n<p style=\"background-color: #ff3300; width: 100%; padding: 4px;\"><img decoding=\"async\" loading=\"lazy\" class=\"alignnone wp-image-59 \" src=\"https:\/\/udoschoebel.de\/wp-content\/uploads\/news.jpg\" alt=\"news\" width=\"163\" height=\"65\" \/><\/p>\n<h4 id=\"tw-target-text\" class=\"tw-data-text tw-text-large tw-ta\" dir=\"ltr\" data-placeholder=\"\u00dcbersetzung\" data-ved=\"2ahUKEwjP_Je3ou6JAxWJRfEDHf6oGUAQ3ewLegQIDBAU\" aria-label=\"\u00dcbersetzter Text: This website in ENGLISH *** THE CLEANIN'WOMEN Album: \u201cLOST TAPES\u201d since October 25th. Available to stream and download worldwide *** THE CLEANIN'WOMEN: gig.blog report from the sold-out concert at clubCANN on October 26th*** BROADCAST WITH THE MOUSE: WANDA WALFISCH with Sophie Rois *** KARLCHEN songs on SPOTIFY in DUTCH , GERMAN and SWEDISH and *** PITTIPLATSCH birthday song from OUR SANDMAN *** KIKANINCHEN songs-TONIE-\u201cTHE MIXTURE MAKES IT\u201d bestseller *** 1x PLATINUM, 1x GOLD for KIKANINCHEN DVDs *** The TOP 11 KIKANINCHEN songs with more than 44 million streams on SPOTIFY ** * KIKANINCHEN SONG ReMix version by KRUTSCH *** Song: \u201cMILKSHAKE\u201d with the K\u00d6RPERKLAUS and the WACKELDACKELN in the SHOW WITH THE ELEPHANT *** 100 years of RADIO SHOW from October 13th. in the rbb-SENDESAAL in Berlin with Dota Kehr, Helge Schneider, Olli Schulz &amp; the miniBEATclub *** THOMAS D and UDO SCH\u00d6BEL with the WDR-FUNKHAUSORCHESTER LIVE ***The original FRIS\u00d6R video with THOMAS D 1998 *** miniBEATclub- Song: 3 MINUTES-LIVE in the radioeins RADIO SHOW*** SHOW WITH THE MOUSE: GOOD NIGHT CAROLA by and with KURT KR\u00d6MER*** CONTEXT article about HotSpotOfArt exhibition by UDO SCH\u00d6BEL in Stuttgart *** UDO SCH\u00d6BEL on wikipedia\"><span class=\"Y2IQFc\" lang=\"en\">This website in german *** THE CLEANIN\u00b4 WOMEN<a href=\"https:\/\/loveyourartist.com\/de\/profiles\/clubcann-E5JR35\/events\/the-cleanin-women-im-stuttgart-9MQTC9\" target=\"_blank\" rel=\"noopener\"> LIVE-December 5, 2025 @clubCANN-STUTTGART-Germany<\/a>**** THE CLEANIN\u00b4 WOMEN <a href=\"https:\/\/open.spotify.com\/intl-de\/track\/3lSC9DNytiH1KogRVqgxTe?si=5aab86bb85e44200\" target=\"_blank\" rel=\"noopener\">new Single: GET FUNKY!<\/a> *** <strong><a href=\"https:\/\/orcd.co\/lost-tapes\" target=\"_blank\" rel=\"noopener\">THE CLEANIN&#8217;WOMEN new Album: \u201cLOST TAPES&#8221; <\/a><\/strong>*** \u00a0<a href=\"https:\/\/open.spotify.com\/intl-de\/track\/3zhfKxdDUGeALhNMCDsTn5?si=5336c6a52b7246dd\" target=\"_blank\" rel=\"noopener\">radio eins RADIOSHOW LIVE 2015 Song: SUITCASE FULL OF SONGS<\/a> *** <a href=\"https:\/\/kinder.wdr.de\/tv\/die-sendung-mit-der-maus\/av\/video-lachgeschichte-wanda-walfisch-100.html\" target=\"_blank\" rel=\"noopener\">THE SHOW WITH THE MOUSE: WANDA WALFISCH with Sophie Rois<\/a> *** KARLCHEN songs on SPOTIFY <a href=\"https:\/\/open.spotify.com\/intl-de\/album\/3gneErkNckDvf35lXAqfm1?si=mC4nstTpR0uTxWsZZLwxtA&amp;nd=1&amp;dlsi=66a62d3b2e5842a8\" target=\"_blank\" rel=\"noopener\">in DUTCH<\/a> , <a href=\"https:\/\/open.spotify.com\/intl-de\/album\/15pYGEOhikpQMExREDW62u?si=0OPrcvoySz-AhTT7iQrmmA&amp;nd=1&amp;dlsi=4fde70dd0eff44cb\" target=\"_blank\" rel=\"noopener\">GERMAN<\/a> and <a href=\"https:\/\/open.spotify.com\/intl-de\/album\/2js3PxFh2fF8sCXUWfNW4f?si=8PzxcQpQS0iL7MxTkT90qg&amp;nd=1&amp;dlsi=227967efb3fb4a7e\" target=\"_blank\" rel=\"noopener\">SWEDISH<\/a> and *** <a href=\"https:\/\/www.sandmann.de\/aktuelles\/pittiplatsch-60-jahre\/60-jahre-pittiplatsch.html\" target=\"_blank\" rel=\"noopener\">PITTIPLATSCH birthday song<\/a> ***<a href=\"https:\/\/www.amazon.de\/gp\/bestsellers\/toys\/29860647031\/ref=pd_zg_hrsr_toys\" target=\"_blank\" rel=\"noopener\"> KIKANINCHEN TONIE-Album -\u201cDIE MISCHUNG MACHT\u00b4S\u201d AMAZON-Bestseller <\/a>*** <a href=\"https:\/\/commons.wikimedia.org\/wiki\/File:KIKANINCHEN_PLATIN_1.jpg\" target=\"_blank\" rel=\"noopener\">1x PLATINUM, 1x GOLD for KIKANINCHEN DVDs<\/a> *** <a href=\"https:\/\/open.spotify.com\/intl-de\/artist\/0QOJGCTrdDQS6Qz9dsvies?si=DRqpQA12Rr6wpIDw1gF2Zg&amp;nd=1&amp;dlsi=54a5e213f33e46fe\" target=\"_blank\" rel=\"noopener\">The TOP 11 KIKANINCHEN songs with more than 41 million streams on SPOTIFY<\/a> ** * <a href=\"https:\/\/www.youtube.com\/watch?v=i_8ZWTe9VMo\" target=\"_blank\" rel=\"noopener\">KIKANINCHEN SONG ReMix version by KRUTSCH<\/a> *** <a href=\"https:\/\/www.wdrmaus.de\/elefantenseite\/#milkshake_rap\" target=\"_blank\" rel=\"noopener\">Song: \u201cMILKSHAKE\u201d with the K\u00d6RPERKLAUS and the WACKELDACKELN in the SHOW WITH THE ELEPHANT<\/a> ***\u00a0<a href=\"https:\/\/www1.wdr.de\/orchester-und-chor\/funkhausorchester\/videos\/video-hairlich-102.html\" target=\"_blank\" rel=\"noopener\">THOMAS D and UDO SCH\u00d6BEL with the WDR-FUNKHAUSORCHESTER LIVE 2022<\/a> ***<a href=\"https:\/\/open.spotify.com\/intl-de\/track\/3zhfKxdDUGeALhNMCDsTn5?si=5336c6a52b7246dd\" target=\"_blank\" rel=\"noopener\">The original FRIS\u00d6R video with THOMAS D 1998<\/a> *** <a href=\"https:\/\/www.youtube.com\/watch?v=Jx6ZMRp-aK4\" target=\"_blank\" rel=\"noopener\">miniBEATclub- Song: 3 MINUTES-LIVE in the radioeins RADIO SHOW <\/a>*** <a href=\"https:\/\/www.youtube.com\/watch?v=bP4QXDGn4UM\" target=\"_blank\" rel=\"noopener\">SHOW WITH THE MOUSE: GOOD NIGHT CAROLA by and with KURT KR\u00d6MER <\/a>*** \u00a0*** <a href=\"https:\/\/de.wikipedia.org\/wiki\/Udo_Sch\u00f6bel\" target=\"_blank\" rel=\"noopener\">UDO SCH\u00d6BEL on wikipedia<\/a><\/span><\/h4>\n<h3 style=\"background-color: #fff;\"><\/h3>\n<h3 style=\"background-color: #fff;\"><\/h3>\n<h3 style=\"background-color: #fff;\"><\/h3>\n<h3 style=\"background-color: #fff;\"><\/h3>\n","protected":false},"excerpt":{"rendered":"<p>This website in german *** THE CLEANIN\u00b4 WOMEN LIVE-December 5, 2025 @clubCANN-STUTTGART-Germany**** THE CLEANIN\u00b4 WOMEN new Single: GET FUNKY! *** THE CLEANIN&#8217;WOMEN new Album: \u201cLOST TAPES&#8221; *** \u00a0radio eins RADIOSHOW LIVE 2015 Song: SUITCASE FULL OF SONGS *** THE SHOW WITH THE MOUSE: WANDA WALFISCH with Sophie Rois *** KARLCHEN songs on SPOTIFY in DUTCH [&hellip;]<\/p>\n","protected":false},"author":1,"featured_media":0,"parent":0,"menu_order":0,"comment_status":"closed","ping_status":"closed","template":"page-fullwidth.php","meta":[],"yoast_head":"<!-- This site is optimized with the Yoast SEO plugin v20.8 - https:\/\/yoast.com\/wordpress\/plugins\/seo\/ -->\n<title>Udo Sch\u00f6bel - Musician, Songwriter, Music Producer, Cartoon Artist from Berlin<\/title>\n<meta name=\"description\" content=\"Udo Sch\u00f6bel - musician, songwriter, music producer, cartoon artist from Berlin. He makes music for KiKANiNCHEN, Sendung mit der Maus, film music and much more.\" \/>\n<meta name=\"robots\" content=\"index, follow, max-snippet:-1, max-image-preview:large, max-video-preview:-1\" \/>\n<link rel=\"canonical\" href=\"https:\/\/udoschoebel.de\/en\/\" \/>\n<meta property=\"og:locale\" content=\"en_US\" \/>\n<meta property=\"og:type\" content=\"article\" \/>\n<meta property=\"og:title\" content=\"Udo Sch\u00f6bel - Musician, Songwriter, Music Producer, Cartoon Artist from Berlin\" \/>\n<meta property=\"og:description\" content=\"Udo Sch\u00f6bel - musician, songwriter, music producer, cartoon artist from Berlin. He makes music for KiKANiNCHEN, Sendung mit der Maus, film music and much more.\" \/>\n<meta property=\"og:url\" content=\"https:\/\/udoschoebel.de\/en\/\" \/>\n<meta property=\"og:site_name\" content=\"udoschoebel\" \/>\n<meta property=\"article:modified_time\" content=\"2025-11-18T12:25:58+00:00\" \/>\n<meta property=\"og:image\" content=\"https:\/\/udoschoebel.de\/wp-content\/uploads\/01_mini-beat-club_menu.jpg\" \/>\n<meta name=\"twitter:label1\" content=\"Est. reading time\" \/>\n\t<meta name=\"twitter:data1\" content=\"6 minutes\" \/>\n<script type=\"application\/ld+json\" class=\"yoast-schema-graph\">{\"@context\":\"https:\/\/schema.org\",\"@graph\":[{\"@type\":\"WebPage\",\"@id\":\"https:\/\/udoschoebel.de\/en\/\",\"url\":\"https:\/\/udoschoebel.de\/en\/\",\"name\":\"Udo Sch\u00f6bel - Musician, Songwriter, Music Producer, Cartoon Artist from Berlin\",\"isPartOf\":{\"@id\":\"https:\/\/udoschoebel.de\/en\/#website\"},\"datePublished\":\"2015-01-24T14:52:22+00:00\",\"dateModified\":\"2025-11-18T12:25:58+00:00\",\"description\":\"Udo Sch\u00f6bel - musician, songwriter, music producer, cartoon artist from Berlin. He makes music for KiKANiNCHEN, Sendung mit der Maus, film music and much more.\",\"breadcrumb\":{\"@id\":\"https:\/\/udoschoebel.de\/en\/#breadcrumb\"},\"inLanguage\":\"en-US\",\"potentialAction\":[{\"@type\":\"ReadAction\",\"target\":[\"https:\/\/udoschoebel.de\/en\/\"]}]},{\"@type\":\"BreadcrumbList\",\"@id\":\"https:\/\/udoschoebel.de\/en\/#breadcrumb\",\"itemListElement\":[{\"@type\":\"ListItem\",\"position\":1,\"name\":\"Home\",\"item\":\"https:\/\/udoschoebel.de\/en\/\"},{\"@type\":\"ListItem\",\"position\":2,\"name\":\"home\"}]},{\"@type\":\"WebSite\",\"@id\":\"https:\/\/udoschoebel.de\/en\/#website\",\"url\":\"https:\/\/udoschoebel.de\/en\/\",\"name\":\"udoschoebel\",\"description\":\"Musiker, Singer, Songwriter, Produzent und Cartoonartist\",\"potentialAction\":[{\"@type\":\"SearchAction\",\"target\":{\"@type\":\"EntryPoint\",\"urlTemplate\":\"https:\/\/udoschoebel.de\/en\/?s={search_term_string}\"},\"query-input\":\"required name=search_term_string\"}],\"inLanguage\":\"en-US\"}]}<\/script>\n<!-- \/ Yoast SEO plugin. -->","yoast_head_json":{"title":"Udo Sch\u00f6bel - Musician, Songwriter, Music Producer, Cartoon Artist from Berlin","description":"Udo Sch\u00f6bel - musician, songwriter, music producer, cartoon artist from Berlin. He makes music for KiKANiNCHEN, Sendung mit der Maus, film music and much more.","robots":{"index":"index","follow":"follow","max-snippet":"max-snippet:-1","max-image-preview":"max-image-preview:large","max-video-preview":"max-video-preview:-1"},"canonical":"https:\/\/udoschoebel.de\/en\/","og_locale":"en_US","og_type":"article","og_title":"Udo Sch\u00f6bel - Musician, Songwriter, Music Producer, Cartoon Artist from Berlin","og_description":"Udo Sch\u00f6bel - musician, songwriter, music producer, cartoon artist from Berlin. He makes music for KiKANiNCHEN, Sendung mit der Maus, film music and much more.","og_url":"https:\/\/udoschoebel.de\/en\/","og_site_name":"udoschoebel","article_modified_time":"2025-11-18T12:25:58+00:00","og_image":[{"url":"https:\/\/udoschoebel.de\/wp-content\/uploads\/01_mini-beat-club_menu.jpg"}],"twitter_misc":{"Est. reading time":"6 minutes"},"schema":{"@context":"https:\/\/schema.org","@graph":[{"@type":"WebPage","@id":"https:\/\/udoschoebel.de\/en\/","url":"https:\/\/udoschoebel.de\/en\/","name":"Udo Sch\u00f6bel - Musician, Songwriter, Music Producer, Cartoon Artist from Berlin","isPartOf":{"@id":"https:\/\/udoschoebel.de\/en\/#website"},"datePublished":"2015-01-24T14:52:22+00:00","dateModified":"2025-11-18T12:25:58+00:00","description":"Udo Sch\u00f6bel - musician, songwriter, music producer, cartoon artist from Berlin. He makes music for KiKANiNCHEN, Sendung mit der Maus, film music and much more.","breadcrumb":{"@id":"https:\/\/udoschoebel.de\/en\/#breadcrumb"},"inLanguage":"en-US","potentialAction":[{"@type":"ReadAction","target":["https:\/\/udoschoebel.de\/en\/"]}]},{"@type":"BreadcrumbList","@id":"https:\/\/udoschoebel.de\/en\/#breadcrumb","itemListElement":[{"@type":"ListItem","position":1,"name":"Home","item":"https:\/\/udoschoebel.de\/en\/"},{"@type":"ListItem","position":2,"name":"home"}]},{"@type":"WebSite","@id":"https:\/\/udoschoebel.de\/en\/#website","url":"https:\/\/udoschoebel.de\/en\/","name":"udoschoebel","description":"Musiker, Singer, Songwriter, Produzent und Cartoonartist","potentialAction":[{"@type":"SearchAction","target":{"@type":"EntryPoint","urlTemplate":"https:\/\/udoschoebel.de\/en\/?s={search_term_string}"},"query-input":"required name=search_term_string"}],"inLanguage":"en-US"}]}},"_links":{"self":[{"href":"https:\/\/udoschoebel.de\/en\/wp-json\/wp\/v2\/pages\/2631"}],"collection":[{"href":"https:\/\/udoschoebel.de\/en\/wp-json\/wp\/v2\/pages"}],"about":[{"href":"https:\/\/udoschoebel.de\/en\/wp-json\/wp\/v2\/types\/page"}],"author":[{"embeddable":true,"href":"https:\/\/udoschoebel.de\/en\/wp-json\/wp\/v2\/users\/1"}],"replies":[{"embeddable":true,"href":"https:\/\/udoschoebel.de\/en\/wp-json\/wp\/v2\/comments?post=2631"}],"version-history":[{"count":39,"href":"https:\/\/udoschoebel.de\/en\/wp-json\/wp\/v2\/pages\/2631\/revisions"}],"predecessor-version":[{"id":3422,"href":"https:\/\/udoschoebel.de\/en\/wp-json\/wp\/v2\/pages\/2631\/revisions\/3422"}],"wp:attachment":[{"href":"https:\/\/udoschoebel.de\/en\/wp-json\/wp\/v2\/media?parent=2631"}],"curies":[{"name":"wp","href":"https:\/\/api.w.org\/{rel}","templated":true}]}}